{"id":3,"date":"2024-12-16T21:00:47","date_gmt":"2024-12-16T20:00:47","guid":{"rendered":"https:\/\/badmintonpalace.com\/?page_id=3"},"modified":"2024-12-20T22:41:27","modified_gmt":"2024-12-20T21:41:27","slug":"politica-privacidad","status":"publish","type":"page","link":"https:\/\/badmintonpalace.com\/index.php\/politica-privacidad\/","title":{"rendered":"Pol\u00edtica de privacidad"},"content":{"rendered":"\n<h2 class=\"wp-block-heading\">Qui\u00e9nes somos<\/h2>\n\n\n\n<p><strong class=\"privacy-policy-tutorial\">Texto sugerido: <\/strong>La direcci\u00f3n de nuestra web es: http:\/\/localhost\/badmintonpalace.<\/p>\n\n\n\n<p>Por medio del presente documento, Badmintonpalace S.A.S., con NIT xxx.xxx.xxx-x, domiciliado en la XXXXXXXX, Buga, Colombia, direcci\u00f3n electr\u00f3nica xxx@xxx.xx y tel\u00e9fono XXXXXX, pone a disposici\u00f3n de los usuarios su Pol\u00edtica de Privacidad, la cual se encuentra en armon\u00eda con la normativa vigente sobre Protecci\u00f3n de Datos Personales (Ley N\u00b0 1581 de 2012 y Decreto 1377 de 2013). A continuaci\u00f3n, se se\u00f1alan las finalidades de tratamiento de la informaci\u00f3n que usted nos pueda suministrar, los derechos que le asisten como titular de la informaci\u00f3n, el tiempo de almacenamiento en nuestras bases de datos, las medidas de seguridad y los medios para ejercer sus derechos como titular de los Datos Personales.<\/p>\n\n\n\n<p>\u00bfQu\u00e9 es un dato personal?<\/p>\n\n\n\n<p>Es cualquier tipo de informaci\u00f3n que permite identificar a una persona natural.<\/p>\n\n\n\n<p>\u00bfQu\u00e9 significa el tratamiento del dato personal?<\/p>\n\n\n\n<p>Es la realizaci\u00f3n de cualquier tipo de operaci\u00f3n con el dato personal, dentro de las cuales se encuentra la recolecci\u00f3n, almacenamiento, uso, circulaci\u00f3n, transmisi\u00f3n o supresi\u00f3n del mismo.<\/p>\n\n\n\n<p>\u00bfQui\u00e9n es el responsable del tratamiento del dato personal?<\/p>\n\n\n\n<p>BADMINTONPALACE, domiciliada en la ciudad de Buga, identificada con NIT XXXXXXX, ubicada en la&nbsp; Calle 5 # 8 \u2013 79 , tel\u00e9fono&nbsp; (57-2) XXXXXXX, correo electr\u00f3nico XXXX@XXXX.XXX<\/p>\n\n\n\n<p>\u00bfCon qu\u00e9 finalidad se realiza el tratamiento del dato personal?<\/p>\n\n\n\n<p>BADMINTONPALACE solicitar\u00e1 solo los datos que en efecto necesite para: 1) El desarrollo de su objeto social y de la relaci\u00f3n contractual que lo vincula con Usted; 2) La administraci\u00f3n de los productos o servicios comercializados a trav\u00e9s de la Plataforma; 3) La estructuraci\u00f3n de ofertas comerciales y la remisi\u00f3n de informaci\u00f3n comercial sobre productos y\/o servicios a trav\u00e9s de los canales o medios que BADMINTONPALACE establezca para tal fin; 4) La adopci\u00f3n de medidas tendientes a la prevenci\u00f3n de actividades il\u00edcitas. Para tal efecto, BADMINTONPALACE ha adoptado adecuadas medidas de seguridad con el fin de velar por el tratamiento adecuado y confidencial de sus datos personales.<\/p>\n\n\n\n<p>\u00bfQui\u00e9nes est\u00e1n autorizados para utilizar su informaci\u00f3n?<\/p>\n\n\n\n<p>La autorizaci\u00f3n para el tratamiento de sus datos personales se hace extensiva a quien represente los derechos de BADMINTONPALACE, a quien \u00e9sta contrate para el ejercicio de los mismos o a quien ceda sus derechos, sus obligaciones o su posici\u00f3n contractual a cualquier t\u00edtulo, en relaci\u00f3n con los productos o servicios de los que es titular. As\u00ed mismo, a los terceros con quienes BADMINTONPALACE establezca alianzas comerciales a partir de las cuales se ofrezcan productos o servicios que puedan ser de su inter\u00e9s.<\/p>\n\n\n\n<p>\u00bfC\u00f3mo se obtienen sus datos personales?<\/p>\n\n\n\n<p>BADMINTONPALACE obtiene sus datos personales porque usted mismo los ha suministrado, porque los ha obtenido de un tercero autorizado por usted o por la ley para suministrarlos, o porque son datos p\u00fablicos, es decir, datos para cuyo tratamiento no se requiere de su autorizaci\u00f3n previa.<\/p>\n\n\n\n<p>\u00bfC\u00f3mo se tratan los datos personales de menores de edad?<\/p>\n\n\n\n<p>BADMINTONPALACE para tales efectos tiene en cuenta el inter\u00e9s superior de los mismos, as\u00ed como la prevalencia de sus derechos. Adicionalmente, cuando los derechos de tales menores sean ejercidos por un tercero, BADMINTONPALACE verificar\u00e1 que ese tercero est\u00e9 autorizado&nbsp; para ello&nbsp; conforme a la&nbsp; Ley 1581 de 2012 Decreto 1377 de 2013.<\/p>\n\n\n\n<p>\u00bfCu\u00e1l es la pol\u00edtica de tratamiento en materia de datos sensibles?<\/p>\n\n\n\n<p>Los datos personales sensibles, son aquellos que afectan su intimidad o cuyo uso indebido puede generar su discriminaci\u00f3n. Si BADMINTONPALACE requiere tratar esta clase de datos, le informar\u00e1 que se trata de datos sensibles, as\u00ed como de la posibilidad que usted tiene de suministrar o no dicha informaci\u00f3n. BADMINTONPALACE no condicionar\u00e1 el acceso a sus productos o servicios al suministro de datos sensibles, a menos que tales datos deban obtenerse por ser indispensables para la existencia y\/o mantenimiento adecuado de la relaci\u00f3n o para el cumplimiento de los deberes a su cargo y\/o del titular del dato. Asimismo, los datos sensibles ser\u00e1n tratados con las medidas de seguridad que exige la ley.<\/p>\n\n\n\n<p>\u00bfPara qu\u00e9 se realiza el tratamiento de sus datos personales?<\/p>\n\n\n\n<p>BADMINTONPALACE requiere tratar sus datos personales con el fin de atender adecuadamente la relaci\u00f3n entablada con usted, y para llevar a cabo las actividades previstas en la autorizaci\u00f3n que BADMINTONPALACE le solicita para efectos de realizar dicho tratamiento. En el evento en que BADMINTONPALACE requiera tratar sus datos personales para una finalidad distinta a la consignada en la autorizaci\u00f3n referida, le solicitar\u00e1 una nueva autorizaci\u00f3n. En todo caso BADMINTONPALACE no tendr\u00e1 que solicitar una nueva autorizaci\u00f3n cuando conforme al ordenamiento jur\u00eddico, el nuevo uso sea razonablemente previsible por parte suya, en el marco de la relaci\u00f3n que tiene con BADMINTONPALACE.<\/p>\n\n\n\n<p>\u00bfEs posible la transferencia al exterior del dato personal?<\/p>\n\n\n\n<p>S\u00ed. Es posible que sus datos personales sean transferidos y tratados fuera del territorio nacional con el fin de llevar a cabo las finalidades ya referidas, para lo cual BADMINTONPALACE ha adoptado las medidas de seguridad necesarias para el efecto.<\/p>\n\n\n\n<p>\u00bfExisten pol\u00edticas para el tratamiento de los datos personales?<\/p>\n\n\n\n<p>&nbsp;S\u00ed. Las pol\u00edticas est\u00e1n a su disposici\u00f3n y las puede consultar ingresando a nuestra p\u00e1gina de Internet opticafevision.com \u2013 Privacidad y t\u00e9rminos legales. Cualquier modificaci\u00f3n a dicha pol\u00edtica o al presente Aviso, ser\u00e1n informados a m\u00e1s tardar al momento de implementar tales modificaciones por los mismos medios por v\u00eda de los cuales se mantiene a su disposici\u00f3n esta informaci\u00f3n.<\/p>\n\n\n\n<p>\u00bfDe qui\u00e9nes recopilamos informaci\u00f3n?<\/p>\n\n\n\n<p>&nbsp;&nbsp;&nbsp;&nbsp;&nbsp;&nbsp;&nbsp; De Usuarios no clientes:<\/p>\n\n\n\n<p>&nbsp;&nbsp;&nbsp;&nbsp;&nbsp;&nbsp;&nbsp; Recolectamos informaci\u00f3n personal relativa al nombre, apellidos, correo electr\u00f3nico, documento de identificaci\u00f3n, tel\u00e9fono y otra que resulte necesaria para contactarnos contigo y cumplir con los fines que se detallan m\u00e1s adelante. Dicha informaci\u00f3n es recopilada por medio de los formularios virtuales contenidos en secciones como \u201cReg\u00edstrate\u201d, y \u201cFormulario de Contacto\u201d de nuestro portal web. Asimismo, en nuestras tiendas, podremos pedirle datos personales generales de contacto, as\u00ed como algunos relativos a la salud de sus ojos, con la finalidad de generar una cotizaci\u00f3n sobre productos \u00f3pticos.<\/p>\n\n\n\n<p>&nbsp;&nbsp;&nbsp;&nbsp;&nbsp;&nbsp;&nbsp; Cuando nuestros usuarios lo autoricen, podremos incorporar sus datos de contacto en nuestra base de datos \u201cProspecci\u00f3n comercial\u201d, a trav\u00e9s del cual podr\u00e1n conocer m\u00e1s sobre nuestros productos, ofertas, novedades, beneficios, campa\u00f1as, etc., de acuerdo con las condiciones que se informar\u00e1n al momento de la recopilaci\u00f3n de sus datos.<\/p>\n\n\n\n<p>&nbsp;&nbsp;&nbsp;&nbsp;&nbsp;&nbsp;&nbsp; En caso nuestros usuarios no deseen recibir dicha informaci\u00f3n, sus datos personales ser\u00e1n almacenados en nuestra base de datos \u201cUsuarios\u201d, \u00fanicamente con la finalidad de, y por el tiempo necesario para, atender sus requerimientos, tales como cotizaciones, consultas varias, sugerencias, entre otros.<\/p>\n\n\n\n<p>De nuestros clientes, recopilamos datos de identificaci\u00f3n, de contacto y relativos a la salud de sus ojos, que pedimos en nuestros formularios web y\/o en nuestras \u00f3rdenes de trabajo, as\u00ed como en los dem\u00e1s documentos necesarios para cumplir con nuestras obligaciones legales y contractuales, incluyendo aquellas previstas en el Estatuto del Consumidor. Tanto si eres cliente como si vienes en representaci\u00f3n de alguno, tus datos ser\u00e1n ingresados a nuestra base de datos \u201cClientes\u201d.<\/p>\n\n\n\n<p>\u00bfC\u00f3mo protegemos su informaci\u00f3n?<\/p>\n\n\n\n<p>&nbsp;&nbsp;&nbsp;&nbsp;&nbsp;&nbsp;&nbsp; BADMINTONPALACE ha adoptado todas las medidas t\u00e9cnicas, legales y organizacionales necesarias para garantizar la seguridad y el adecuado procesamiento de sus datos personales; as\u00ed como para evitar cualquier manipulaci\u00f3n indebida, p\u00e9rdida accidental, destrucci\u00f3n o acceso no autorizado de terceros.<\/p>\n\n\n\n<p>&nbsp;&nbsp;&nbsp;&nbsp;&nbsp;&nbsp;&nbsp; Su informaci\u00f3n no ser\u00e1 comercializada, transferida ni compartida sin su autorizaci\u00f3n ni para fines ajenos a los que se describen a continuaci\u00f3n. En cualquier caso, BADMINTONPALACE ha adoptado medidas razonables para garantizar la conservaci\u00f3n de la informaci\u00f3n \u00fanicamente durante el tiempo necesario para la finalidad con que se recopil\u00f3, para su procesamiento, o m\u00e1s tiempo si se exige en virtud de un contrato o legislaci\u00f3n aplicable, o para fines estad\u00edsticos.<\/p>\n\n\n\n<p>\u00bfCon qu\u00e9 finalidad utilizamos su informaci\u00f3n?<\/p>\n\n\n\n<p>&nbsp;&nbsp;&nbsp;&nbsp;&nbsp;&nbsp;&nbsp; Si usted nos ha contactado por la p\u00e1gina web para realizar consultas o sugerencias, sus datos personales ser\u00e1n utilizados para: (i) remitirle a su correo electr\u00f3nico la informaci\u00f3n que usted nos ha solicitado sobre los productos ofrecidos por BADMINTONPALACE, as\u00ed como (ii) dar tr\u00e1mite a sus consultas, solicitudes, sugerencias, reclamos o quejas.<\/p>\n\n\n\n<p>&nbsp;&nbsp;&nbsp;&nbsp;&nbsp;&nbsp;&nbsp; Si usted nos ha visitado en alguna de nuestras tiendas BADMINTONPALACE, y nos ha entregado informaci\u00f3n general y sensible para fines de emitirle una cotizaci\u00f3n, sus datos personales s\u00f3lo ser\u00e1n utilizados para dicho fin.<\/p>\n\n\n\n<p>&nbsp;&nbsp;&nbsp;&nbsp;&nbsp;&nbsp;&nbsp; Si usted es cliente, sus datos personales ser\u00e1n utilizados para: (i) procesar su compra; (ii) establecer un canal de comunicaci\u00f3n respecto del env\u00edo del producto adquirido u otras condiciones relacionadas a nuestras prestaciones; (iii) realizar gestiones de cobranza; (iv) contactarle en caso hubiera sugerencias, preguntas, quejas o reclamos; y (v) dar cumplimiento a todas las dem\u00e1s obligaciones legales y contractuales de BADMINTONPALACE.<\/p>\n\n\n\n<p>&nbsp;&nbsp;&nbsp;&nbsp;&nbsp;&nbsp;&nbsp; S\u00f3lo si usted lo autoriza expresamente, podremos incorporar sus datos de contacto en nuestra base de datos \u201cProspecci\u00f3n comercial\u201d, para las siguientes finalidades: (i) contactarle y enviarle informaci\u00f3n sobre productos y otros complementarios que pudieran ser de su inter\u00e9s; (ii) comunicarle sobre promociones, beneficios, concursos, ofertas; (iii) hacer seguimiento a sus cotizaciones; y, (iv) en general, realizar publicidad y prospecci\u00f3n comercial. Asimismo, con su autorizaci\u00f3n podremos contactarle para realizar encuestas de satisfacci\u00f3n, an\u00e1lisis de consumo, preferencias y tendencias de mercado.<\/p>\n\n\n\n<p>\u00bfQui\u00e9n tiene acceso a su informaci\u00f3n?<\/p>\n\n\n\n<p>&nbsp;&nbsp;&nbsp;&nbsp;&nbsp;&nbsp;&nbsp; Para llevar a cabo las leg\u00edtimas finalidades antes se\u00f1aladas, BADMINTONPALACE podr\u00e1 compartir sus datos personales con terceros encargados y\/o con empresas de su grupo econ\u00f3mico, los cuales pueden encontrarse dentro o fuera del pa\u00eds.<\/p>\n\n\n\n<p>\u00bfC\u00f3mo puede ejercer sus derechos como titular de Datos Personales?<\/p>\n\n\n\n<p>&nbsp;&nbsp;&nbsp;&nbsp;&nbsp;&nbsp;&nbsp; BADMINTONPALACE reconoce y garantiza el ejercicio de los derechos de acceso, actualizaci\u00f3n, rectificaci\u00f3n, informaci\u00f3n, revocaci\u00f3n, supresi\u00f3n y dem\u00e1s contenidos en el art\u00edculo 8 de la Ley 1581 de 2012.<\/p>\n\n\n\n<p>Derecho a Conocer: Usted podr\u00e1 solicitar a BADMINTONPALACE en cualquier momento y en forma gratuita, que se le informe cu\u00e1les de sus datos personales tiene y cu\u00e1l es el uso que la misma ha hecho de tales datos.<\/p>\n\n\n\n<p>Derecho a Actualizar: Usted podr\u00e1 solicitar a BADMINTONPALACE en cualquier momento y en forma gratuita, que se actualicen sus datos personales, para lo cual deber\u00e1 proporcionar en forma veraz, oportuna y completa la informaci\u00f3n que desea se incluya en la base de datos y\/o archivo de BADMINTONPALACE, lo cual comprende la entrega de la documentaci\u00f3n soporte que se requiera para tal efecto.<\/p>\n\n\n\n<p>Derecho a Rectificar: Si usted considera que los datos que tiene BADMINTONPALACE son inexactos o incompletos podr\u00e1 solicitarle en cualquier momento y en forma gratuita, que se corrija tal informaci\u00f3n, para lo cual deber\u00e1 identificarse en debida forma, explicar en qu\u00e9 consiste la inexactitud o inconsistencia y suministrar en forma correcta y completa la informaci\u00f3n que desea se incorpore en la base de datos, lo cual comprende la entrega de la documentaci\u00f3n soporte que se requiera para tal efecto.<\/p>\n\n\n\n<p>Derecho a Suprimir: En cualquier momento y sin costo alguno usted podr\u00e1 solicitar a BADMINTONPALACE que elimine los datos que considere necesario, para lo cual deber\u00e1 identificarse en debida forma y se\u00f1alar cu\u00e1l es la informaci\u00f3n a eliminar, lo cual comprende la entrega de la documentaci\u00f3n soporte que se requiera para tal efecto.<\/p>\n\n\n\n<p>Derecho a Revocar su Autorizaci\u00f3n: Usted podr\u00e1 revocar la autorizaci\u00f3n impartida a BADMINTONPALACE para el tratamiento de sus datos personales, siempre y cuando no tenga un deber legal o contractual en virtud del cual deba mantener vigente dicha autorizaci\u00f3n.<\/p>\n\n\n\n<p>Derecho a solicitar prueba de la Autorizaci\u00f3n: Usted podr\u00e1 solicitar a BADMINTONPALACE acreditar la existencia de la autorizaci\u00f3n impartida en los casos en que por ley la misma era necesaria para el tratamiento de sus datos.<\/p>\n\n\n\n<p>Derecho a presentar quejas ante la SIC: Usted podr\u00e1 presentar quejas ante la Superintendencia de Industria y Comercio si considera que se ha presentado alguna infracci\u00f3n a las normas que regulan la protecci\u00f3n de datos personales.<\/p>\n\n\n\n<p>\u00bfEn qu\u00e9 forma puede el titular del dato personal ejercer sus derechos?<\/p>\n\n\n\n<p>Para ejercer sus derechos, y presentar sugerencias, consultas, reclamos o peticiones, BADMINTONPALACE ha designado un \u00e1rea especial, la cual puede contactarse a trav\u00e9s de los siguientes canales y en los horarios que a continuaci\u00f3n se indican:<\/p>\n\n\n\n<p>Canales:<\/p>\n\n\n\n<p>Tel\u00e9fono . (57-2) XXXXX.<\/p>\n\n\n\n<p>Horario: 8:00 AM-18:00PM horas de Lunes a Viernes<\/p>\n\n\n\n<p>Oficina Central: Calle XXX<\/p>\n\n\n\n<p>Mediante e-mail: xxx@xxxx.xxx<\/p>\n\n\n\n<p>\u00bfQu\u00e9 deberes tiene el titular del dato personal?<\/p>\n\n\n\n<p>&nbsp;Suministrar a BADMINTONPALACE sus datos personales en forma veraz, completa y oportuna; ejercer sus derechos en debida forma; cumplir las medidas de seguridad que BADMINTONPALACE adopte y\/o le recomiende adoptar para proteger la confidencialidad de su informaci\u00f3n; consultar peri\u00f3dicamente la informaci\u00f3n que en materia de pol\u00edticas de privacidad tenga BADMINTONPALACE y actualizar su informaci\u00f3n al menos una vez al a\u00f1o.<\/p>\n\n\n\n<p>Para ejercer los derechos antes mencionados y\/o para efectuar cualquier consulta o reclamo, deber\u00e1 remitir una comunicaci\u00f3n al correo electr\u00f3nico XXXX@XXX.com o dirigirla a la direcci\u00f3n XXXXX, Buga, Colombia, las comunicaciones ser\u00e1n atendidas el termino legal se\u00f1alado en el T\u00edtulo V de la Ley.<\/p>\n\n\n\n<p>Actualizaciones de la presente pol\u00edtica de privacidad<\/p>\n\n\n\n<p>&nbsp;&nbsp;&nbsp;&nbsp;&nbsp;&nbsp;&nbsp; Con motivo de la mejora continua de nuestros procesos, BADMINTONPALACE podr\u00e1 realizar correcciones y actualizaciones a esta Pol\u00edtica de Privacidad. Por favor, verifique estos t\u00e9rminos regularmente para consultar los cambios que puedan haber existido y de qu\u00e9 manera le pueden afectar.<\/p>\n\n\n\n<p>\u00bfQu\u00e9 herramientas de navegaci\u00f3n se utiliza en la p\u00e1gina web de BADMINTONPALACE?<\/p>\n\n\n\n<p>&nbsp;&nbsp;&nbsp;&nbsp;&nbsp;&nbsp;&nbsp; BADMINTONPALACE usa herramientas de recopilaci\u00f3n de informaci\u00f3n como las cookies y los webs beacons para recolectar su informaci\u00f3n mientras navega nuestra p\u00e1gina web. En esta secci\u00f3n, describimos los tipos de informaci\u00f3n que BADMINTONPALACE puede colectar y c\u00f3mo BADMINTONPALACE puede usar esta informaci\u00f3n.<\/p>\n\n\n\n<p>&nbsp;&nbsp;&nbsp;&nbsp;&nbsp;&nbsp;&nbsp; a) Direcci\u00f3n IP: una direcci\u00f3n de Protocolo de Internet (IP por sus siglas en ingl\u00e9s) es un n\u00famero que se genera autom\u00e1ticamente de su computador cuando navega en la web. Su direcci\u00f3n IP es usada para recopilar informaci\u00f3n demogr\u00e1fica. BADMINTONPALACE recopila la direcci\u00f3n IP para la administrar y proveer informaci\u00f3n agregada a los anunciantes sobre el volumen de uso de la p\u00e1gina web de BADMINTONPALACE. Esta informaci\u00f3n normalmente no identifica o vincula a la persona, por lo que usted puede iniciar su sesi\u00f3n en nuestra p\u00e1gina, pero al mismo tiempo permanecer de forma an\u00f3nima. Usaremos la direcci\u00f3n IP para identificar un usuario cuando lo consideramos necesario para hacer cumplir nuestros t\u00e9rminos y condiciones o para proteger nuestros servicios, nuestra p\u00e1gina, nuestros visitantes u otros.<\/p>\n\n\n\n<p>&nbsp;&nbsp;&nbsp;&nbsp;&nbsp;&nbsp;&nbsp; b) Cookies: podremos ubicar un archivo de texto llamado \u201ccookie\u201d en los archivos del navegador de su computadora. Una cookie es un peque\u00f1o archivo de datos que transfiere su disco duro para el mantenimiento de registros cuando los visita. Usamos las cookies para distintas finalidades, que incluyen entender y guardar las preferencias del usuario para futuras visitas, llevar un control de los anuncios, actualizar nuestro sitio basados en informaci\u00f3n como el n\u00famero de visitantes y las p\u00e1ginas vistas. Hasta que usted decida identificarse en la p\u00e1gina web de BADMINTONPALACE, bien sea respondiendo una oferta promocional u otorgando su informaci\u00f3n como el registro de su email, usted permanecer\u00e1 como an\u00f3nimo en nuestra p\u00e1gina. Usted puede escoger que su computador le avise cada vez que se le env\u00eda una cookie, o usted puede optar por apagar todas las cookies. Usted puede hacerlo a trav\u00e9s de las herramientas de su buscador (como por Google Chrome). Cada buscador es distinto, por lo cual le recomendamos buscar en la secci\u00f3n de Ayuda de su men\u00fa para aprender acerca de la manera correcta de modificar sus cookies. Usted no requiere tener las cookies activadas para usar nuestra p\u00e1gina web.<\/p>\n\n\n\n<p>Vigencia: La pol\u00edtica de la cual trata este documento rige desde el 20 de diciembre de 2024.<\/p>\n","protected":false},"excerpt":{"rendered":"<p>Qui\u00e9nes somos Texto sugerido: La direcci\u00f3n de nuestra web es: http:\/\/localhost\/badmintonpalace. Por medio del presente documento, Badmintonpalace S.A.S., con NIT xxx.xxx.xxx-x, domiciliado en la XXXXXXXX, Buga, Colombia, direcci\u00f3n electr\u00f3nica xxx@xxx.xx y tel\u00e9fono XXXXXX, pone a disposici\u00f3n de los usuarios su Pol\u00edtica de Privacidad, la cual se encuentra en armon\u00eda con la normativa vigente sobre Protecci\u00f3n [&hellip;]<\/p>\n","protected":false},"author":1,"featured_media":0,"parent":0,"menu_order":0,"comment_status":"closed","ping_status":"open","template":"","meta":{"_themeisle_gutenberg_block_has_review":false,"_joinchat":[],"footnotes":""},"class_list":["post-3","page","type-page","status-publish","hentry"],"_links":{"self":[{"href":"https:\/\/badmintonpalace.com\/index.php\/wp-json\/wp\/v2\/pages\/3","targetHints":{"allow":["GET"]}}],"collection":[{"href":"https:\/\/badmintonpalace.com\/index.php\/wp-json\/wp\/v2\/pages"}],"about":[{"href":"https:\/\/badmintonpalace.com\/index.php\/wp-json\/wp\/v2\/types\/page"}],"author":[{"embeddable":true,"href":"https:\/\/badmintonpalace.com\/index.php\/wp-json\/wp\/v2\/users\/1"}],"replies":[{"embeddable":true,"href":"https:\/\/badmintonpalace.com\/index.php\/wp-json\/wp\/v2\/comments?post=3"}],"version-history":[{"count":1,"href":"https:\/\/badmintonpalace.com\/index.php\/wp-json\/wp\/v2\/pages\/3\/revisions"}],"predecessor-version":[{"id":59,"href":"https:\/\/badmintonpalace.com\/index.php\/wp-json\/wp\/v2\/pages\/3\/revisions\/59"}],"wp:attachment":[{"href":"https:\/\/badmintonpalace.com\/index.php\/wp-json\/wp\/v2\/media?parent=3"}],"curies":[{"name":"wp","href":"https:\/\/api.w.org\/{rel}","templated":true}]}}